{"id":1061,"date":"2024-08-03T14:38:58","date_gmt":"2024-08-03T14:38:58","guid":{"rendered":"https:\/\/ainuk.amateurfunkpraxis.de\/?page_id=1061"},"modified":"2024-08-03T14:45:04","modified_gmt":"2024-08-03T14:45:04","slug":"gaestebuch","status":"publish","type":"page","link":"https:\/\/ainuk.amateurfunkpraxis.de\/?page_id=1061","title":{"rendered":"G\u00e4stebuch"},"content":{"rendered":"\n<div class=\"gwolle-gb\"><div class=\"gwolle-gb-messages-top-container\"><\/div>\n\t\t\t<div class=\"gwolle-gb-write-button\">\n\t\t\t\t<input type=\"button\" name=\"gwolle-gb-write-button\" class=\"button btn btn-default \" value=\"Neuen Eintrag schreiben\" aria-expanded=\"false\" \/>\n\t\t\t<\/div>\n\t\t\t<form action=\"#\" method=\"POST\" class=\"gwolle-gb-write gwolle-gb-hide gwolle-gb-float gwolle-gb-form-ajax gwolle-gb-ajax gwolle-gb-not-logged-in\">\n\t\t\t\t<h3>Einen neuen Eintrag in das G\u00e4stebuch schreiben<\/h3>\n\t\t\t\t<button type=\"button\" class=\"gb-notice-dismiss\">x<span class=\"screen-reader-text\">Dieses Formular ausblenden<\/span><\/button>\n\t\t\t\n\t\t\t\t<input type=\"hidden\" name=\"gwolle_gb_function\" class=\"gwolle_gb_function\" value=\"add_entry\" \/><input type=\"hidden\" name=\"gwolle_gb_book_id\" class=\"gwolle_gb_book_id\" value=\"1\" \/><div class=\"gwolle_gb_62186f028b8fc15819fcc0d8c5ae56fa\">\n\t\t\t\t<div class=\"label\"><label for=\"gwolle_gb_62186f028b8fc15819fcc0d8c5ae56fa-1\" class=\"text-info\">Name <span class=\"required\">*<\/span><\/label><\/div>\n\t\t\t\t<div class=\"input\"><input class=\"wp-exclude-emoji gwolle_gb_62186f028b8fc15819fcc0d8c5ae56fa\" value=\"\" type=\"text\" id=\"gwolle_gb_62186f028b8fc15819fcc0d8c5ae56fa-1\" name=\"gwolle_gb_62186f028b8fc15819fcc0d8c5ae56fa\" required \/><\/div>\n\t\t\t\t<div class=\"clearBoth\">&nbsp;<\/div>\n\t\t\t<\/div><div class=\"gwolle_gb_b3e0403254928d2e54c34fb1708270c0\">\n\t\t\t\t\t<div class=\"label\"><label for=\"gwolle_gb_b3e0403254928d2e54c34fb1708270c0-1\" class=\"text-info\">Stadt<\/label><\/div>\n\t\t\t\t\t<div class=\"input\"><input class=\"wp-exclude-emoji gwolle_gb_b3e0403254928d2e54c34fb1708270c0\" value=\"\" type=\"text\" id=\"gwolle_gb_b3e0403254928d2e54c34fb1708270c0-1\" name=\"gwolle_gb_b3e0403254928d2e54c34fb1708270c0\" \/><\/div>\n\t\t\t\t\t<div class=\"clearBoth\">&nbsp;<\/div>\n\t\t\t\t<\/div><div class=\"gwolle_gb_72e17972242493b08a4bebd3bda8c3e0\">\n\t\t\t\t<div class=\"label\"><label for=\"gwolle_gb_72e17972242493b08a4bebd3bda8c3e0-1\" class=\"text-info\">E-Mail <span class=\"required\">*<\/span><\/label><\/div>\n\t\t\t\t<div class=\"input\"><input class=\"gwolle_gb_72e17972242493b08a4bebd3bda8c3e0\" value=\"\" type=\"email\" id=\"gwolle_gb_72e17972242493b08a4bebd3bda8c3e0-1\" name=\"gwolle_gb_72e17972242493b08a4bebd3bda8c3e0\" required \/><\/div>\n\t\t\t\t<div class=\"clearBoth\">&nbsp;<\/div>\n\t\t\t<\/div><div class=\"gwolle_gb_b926ee0544aad80b6532d9866b7a2ba9\">\n\t\t\t\t<div class=\"label\"><label for=\"gwolle_gb_b926ee0544aad80b6532d9866b7a2ba9-1\" class=\"text-info\">Website<\/label><\/div>\n\t\t\t\t<div class=\"input\"><input class=\"gwolle_gb_b926ee0544aad80b6532d9866b7a2ba9\" value=\"\" type=\"url\" id=\"gwolle_gb_b926ee0544aad80b6532d9866b7a2ba9-1\" name=\"gwolle_gb_b926ee0544aad80b6532d9866b7a2ba9\" \/><\/div>\n\t\t\t\t<div class=\"clearBoth\">&nbsp;<\/div>\n\t\t\t<\/div>\n\t\t\t<div class=\"gwolle_gb_02b3f7a41b441eb14a7dd9a8ee104cdc\" style=\"display:none;overflow:hidden;\" hidden=\"true\" aria-hidden=\"true\">\n\t\t\t\t<div class=\"label\">\n\t\t\t\t\t<label for=\"gwolle_gb_02b3f7a41b441eb14a7dd9a8ee104cdc-1\" class=\"text-primary\">Hier nichts eingeben<\/label>\n\t\t\t\t\t<label for=\"gwolle_gb_38e90edff79170cf772257e0dd1ed39b-1\" class=\"text-primary\">Hier nichts eingeben<\/label>\n\t\t\t\t<\/div>\n\t\t\t\t<div class=\"input\">\n\t\t\t\t\t<input value=\"32\" type=\"text\" id=\"gwolle_gb_02b3f7a41b441eb14a7dd9a8ee104cdc-1\" name=\"gwolle_gb_02b3f7a41b441eb14a7dd9a8ee104cdc\" class=\"gwolle_gb_02b3f7a41b441eb14a7dd9a8ee104cdc\" style=\"transform: translateY(10000px);\" \/>\n\t\t\t\t\t<input value=\"\" type=\"text\" name=\"gwolle_gb_38e90edff79170cf772257e0dd1ed39b\" id=\"gwolle_gb_38e90edff79170cf772257e0dd1ed39b-1\" class=\"gwolle_gb_38e90edff79170cf772257e0dd1ed39b\" style=\"transform: translateY(10000px);\" \/>\n\t\t\t\t<\/div>\n\t\t\t\t<div class=\"clearBoth\"><\/div>\n\t\t\t<\/div>\n\t\t\t<div class=\"gwolle_gb_fd6183a029c18803b012635cd46be446\" style=\"display:none;overflow:hidden;\" hidden=\"true\" aria-hidden=\"true\">\n\t\t\t\t<div class=\"label\">\n\t\t\t\t\t<label for=\"gwolle_gb_fd6183a029c18803b012635cd46be446-1\" class=\"text-primary\">Hier nichts eingeben<\/label>\n\t\t\t\t\t<label for=\"gwolle_gb_e43ecbf3ad0db06d0d509c96663f0db3-1\" class=\"text-primary\">Hier nichts eingeben<\/label>\n\t\t\t\t<\/div>\n\t\t\t\t<div class=\"input\">\n\t\t\t\t\t<input value=\"57321\" type=\"text\" id=\"gwolle_gb_fd6183a029c18803b012635cd46be446-1\" name=\"gwolle_gb_fd6183a029c18803b012635cd46be446\" class=\"gwolle_gb_fd6183a029c18803b012635cd46be446\" style=\"transform: translateY(10000px);\" \/>\n\t\t\t\t\t<input value=\"57321\" type=\"text\"id=\"gwolle_gb_e43ecbf3ad0db06d0d509c96663f0db3-1\" name=\"gwolle_gb_e43ecbf3ad0db06d0d509c96663f0db3\" class=\"gwolle_gb_e43ecbf3ad0db06d0d509c96663f0db3\" style=\"transform: translateY(10000px);\" \/>\n\t\t\t\t<\/div>\n\t\t\t\t<div class=\"clearBoth\"><\/div>\n\t\t\t<\/div><div class=\"gwolle_gb_content\">\n\t\t\t\t<div class=\"label\"><label for=\"gwolle_gb_content-1\" class=\"text-info\">G\u00e4stebucheintrag <span class=\"required\">*<\/span><\/label><\/div>\n\t\t\t\t<div class=\"input\"><textarea id=\"gwolle_gb_content-1\" name=\"gwolle_gb_content\" class=\"gwolle_gb_content wp-exclude-emoji maxlength maxlength-300\" required ><\/textarea><span class=\"gb-max-length-text\"><span class=\"gb-used-characters\">0<\/span>\/<span class=\"gb-max-characters\">300<\/span> Zeichen<\/span><\/div>\n\t\t\t\t\t<div class=\"clearBoth\">&nbsp;<\/div>\n\t\t\t\t<\/div>\n\t\t\t\t<div class=\"gwolle_gb_privacy gwolle-gb-privacy\">\n\t\t\t\t\t<div class=\"label\"><label for=\"gwolle_gb_privacy-1\" class=\"text-info\">I accept the <a href=\"https:\/\/ainuk.amateurfunkpraxis.de\/?page_id=3\" title=\"Datenschutzerk\u00e4rung lesen\" target=\"_blank\">Privacy Policy<\/a> <span class=\"required\">*<\/span><\/label><\/div>\n\t\t\t\t\t<div class=\"input\"><input type=\"checkbox\" id=\"gwolle_gb_privacy-1\" name=\"gwolle_gb_privacy\" class=\"gwolle_gb_privacy\" required \/><\/div>\n\t\t\t\t\t<div class=\"clearBoth\">&nbsp;<\/div>\n\t\t\t\t<\/div><input type=\"hidden\" class=\"gwolle_gb_29bb8bde355ccf7bea9b95c05191a442\" id=\"gwolle_gb_29bb8bde355ccf7bea9b95c05191a442-1\" name=\"gwolle_gb_29bb8bde355ccf7bea9b95c05191a442\" value=\"508a38fa35\" \/>\n\t\t\t<div class=\"gwolle-gb-messages-bottom-container\"><\/div>\n\n\t\t\t<noscript><div class=\"no-js\">Warnung: Dieses Formular kann nur verwendet werden, wenn in deinem Browser JavaScript aktiviert ist.<\/div><\/noscript>\n\n\t\t\t<div class=\"gwolle_gb_submit gwolle-gb-submit\">\n\t\t\t\t<div class=\"label gwolle-gb-invisible text-muted\">&nbsp;<\/div>\n\t\t\t\t<div class=\"input\">\n\t\t\t\t\t<input type=\"submit\" name=\"gwolle_gb_submit\" class=\"gwolle_gb_submit button btn btn-primary \" value=\"Absenden\" \/>\n\t\t\t\t\t<span class=\"gwolle_gb_submit_ajax_icon gwolle-gb-submit-ajax-icon\"><\/span>\n\t\t\t\n\t\t\t\t<\/div>\n\t\t\t\t<div class=\"clearBoth\">&nbsp;<\/div>\n\t\t\t<\/div>\n\n\t\t\t<div class=\"gwolle_gb_notice gwolle-gb-notice\">\n\t\t\t\tMit * gekennzeichnete Felder sind erforderlich. <br \/>\r\n<br \/>\r\nDeine E-Mail-Adresse wird nicht ver\u00f6ffentlicht.<br \/>\r\n<br \/>\r\nEs ist m\u00f6glich, dass dein Eintrag im G\u00e4stebuch erst sichtbar ist, nachdem wir ihn \u00fcberpr\u00fcft haben.<br \/>\r\n<br \/>\r\nWir behalten uns vor, Eintr\u00e4ge zu bearbeiten, zu l\u00f6schen oder nicht zu ver\u00f6ffentlichen.<br \/>\r\n<br \/>\r\nDeine IP Adresse 216.73.217.40\n\t\t\t<\/div><\/form><div class=\"gwolle-gb-read gwolle-gb-ajax gwolle-gb-entries-list\" data-book_id=\"1\" data-page_id=\"1\">\n\t\t<div id=\"gwolle-gb-total\" class=\"gwolle-gb-total\">3 Eintr\u00e4ge<\/div><!-- Gwolle-GB Entry: Default Template Loaded -->\n\t\t\t\t<div class=\"gb-entry gb-entry_10 gb-entry-count_1 gwolle-gb-uneven gwolle-gb-first\" id=\"gb-entry_10\" data-entry_id=\"10\">\n\t\t\t\t<article>\n\t\t\t\t\t<div class=\"gb-author-info\">\n\t\t\t\t\t\t<span class=\"gb-author-avatar\"><img referrerpolicy=\"no-referrer\" alt='DK6HPC' src='https:\/\/secure.gravatar.com\/avatar\/e0c380c9bf550b6c83504595f6c3dd873c5903a2102d9db217f412c3a7a73739?s=32&#038;d=retro&#038;r=g' srcset='https:\/\/secure.gravatar.com\/avatar\/e0c380c9bf550b6c83504595f6c3dd873c5903a2102d9db217f412c3a7a73739?s=64&#038;d=retro&#038;r=g 2x' class='avatar avatar-32 photo' height='32' width='32' \/><\/span>\n\t\t\t\t\t\t<span class=\"gb-author-name\">DK6HPC\n\t\t\t\t\t\t<\/span>\n\t\t\t\t\t\t<span class=\"gb-author-origin\">\n\t\t\t\t\t\t\t<span class=\"gb-author-origin-from-text\"> aus<\/span>\n\t\t\t\t\t\t\t<span class=\"gb-author-origin-text\"> Laupheim<\/span>\n\t\t\t\t\t\t<\/span>\n\t\t\t\t\t\t<span class=\"gb-datetime\">\n\t\t\t\t\t\t\t<span class=\"gb-date\"><span class=\"gb-date-wrote-text\"> schrieb am<\/span><span class=\"gb-date-text\"> 05\/08\/2025<\/span>\n\t\t\t\t\t\t\t<\/span><span class=\"gb-time\">\n\t\t\t\t\t\t\t\t\t<span class=\"gb-time-at-text\"> um<\/span>\n\t\t\t\t\t\t\t\t\t<span class=\"gb-time-text\"> 07:47<\/span>\n\t\t\t\t\t\t\t\t<\/span>\n\t\t\t\t\t\t<\/span> \n\t\t\t\t\t<\/div>\n\t\t\t\t\t<div class=\"gb-entry-content\">Hallo J\u00fcrgen , danke f\u00fcr Deinen Einsatz um unser gemeinsames Hobby . Notfunk klappt nur im Team . Weiter so . 73 aus Laupheim\n\t\t\t\t\t<\/div>\n\t\t\t\t\t<div class=\"gb-entry-admin_reply admin-entry\">\n\t\t\t\t\t\t<div class=\"gb-admin-reply-uid\">\n\t\t\t\t\t\t\t\t<span class=\"gb-admin-avatar\"><img alt='admin' src='https:\/\/secure.gravatar.com\/avatar\/1cf6ee7e4eb4c5027e13f32428f9e70ac79569f93391a5328669cfa1138cf412?s=32&#038;d=retro&#038;r=g' srcset='https:\/\/secure.gravatar.com\/avatar\/1cf6ee7e4eb4c5027e13f32428f9e70ac79569f93391a5328669cfa1138cf412?s=64&#038;d=retro&#038;r=g 2x' class='avatar avatar-32 photo' height='32' width='32' \/><\/span>\n\t\t\t\t\t\t\t<em>Administrator-Antwort von: admin<\/em>\n\t\t\t\t\t\t<\/div> \n\t\t\t\t\t\t<div class=\"gb-admin-reply-content\">\n\t\t\t\t\t\tHallo Peter,<br \/>\r\n<br \/>\r\ndanke f\u00fcr Deinen Eintrag. Wir sind gerade dabei hier in der Umgebung mit Meshcom zu experimentieren. https:\/\/icssw.org\/meshcom\/<br \/>\r\n<br \/>\r\nDie Nodes schie\u00dfen zur Zeit wie Pilze aus dem Boden, scheint sich zumindest bei den Funkamateuren zu etablieren. Werde demn\u00e4chst dar\u00fcber einen Bericht hier auf unserer Webseite ver\u00f6ffentlichen. <br \/>\r\n<br \/>\r\nDir und eurer Gruppe auch weiterhin viel Erfolg beim gemeinsamen Hobby.<br \/>\r\n<br \/>\r\nvy 73 de J\u00fcrgen<br \/>\r\nDL6WAB\n\t\t\t\t\t\t<\/div>\n\t\t\t\t\t<\/div>\n\t\t\t\t<\/article>\n\t\t\t<\/div>\n\t\t\t<div class=\"gb-entry gb-entry_8 gb-entry-count_2 gwolle-gb-even\" id=\"gb-entry_8\" data-entry_id=\"8\">\n\t\t\t\t<article>\n\t\t\t\t\t<div class=\"gb-author-info\">\n\t\t\t\t\t\t<span class=\"gb-author-avatar\"><img referrerpolicy=\"no-referrer\" alt='Hartmut' src='https:\/\/secure.gravatar.com\/avatar\/4c9563b499fee0948cceac191c1ecdbc9f282656397d53de2177b5fc58a85830?s=32&#038;d=retro&#038;r=g' srcset='https:\/\/secure.gravatar.com\/avatar\/4c9563b499fee0948cceac191c1ecdbc9f282656397d53de2177b5fc58a85830?s=64&#038;d=retro&#038;r=g 2x' class='avatar avatar-32 photo' height='32' width='32' \/><\/span>\n\t\t\t\t\t\t<span class=\"gb-author-name\">Hartmut\n\t\t\t\t\t\t<\/span>\n\t\t\t\t\t\t<span class=\"gb-datetime\">\n\t\t\t\t\t\t\t<span class=\"gb-date\"><span class=\"gb-date-wrote-text\"> schrieb am<\/span><span class=\"gb-date-text\"> 28\/08\/2024<\/span>\n\t\t\t\t\t\t\t<\/span><span class=\"gb-time\">\n\t\t\t\t\t\t\t\t\t<span class=\"gb-time-at-text\"> um<\/span>\n\t\t\t\t\t\t\t\t\t<span class=\"gb-time-text\"> 08:44<\/span>\n\t\t\t\t\t\t\t\t<\/span>\n\t\t\t\t\t\t<\/span> \n\t\t\t\t\t<\/div>\n\t\t\t\t\t<div class=\"gb-entry-content\">Sehr sch\u00f6ne Seite mit vielen Informationen zum B\u00fcrgernotfunk, weiter so, ich werde die Entwicklung mal weiter beobachten!<br \/>\nvy 73 de<br \/>\nHartmut\n\t\t\t\t\t<\/div>\n\t\t\t\t<\/article>\n\t\t\t<\/div>\n\t\t\t<div class=\"gb-entry gb-entry_7 gb-entry-count_3 gwolle-gb-uneven\" id=\"gb-entry_7\" data-entry_id=\"7\">\n\t\t\t\t<article>\n\t\t\t\t\t<div class=\"gb-author-info\">\n\t\t\t\t\t\t<span class=\"gb-author-avatar\"><img referrerpolicy=\"no-referrer\" alt='J\u00fcrgen Wiegand' src='https:\/\/secure.gravatar.com\/avatar\/3d7032cdb3ace618708d27ff32af8a4bcdcbf4f137489590fbb5a65802bacb5f?s=32&#038;d=retro&#038;r=g' srcset='https:\/\/secure.gravatar.com\/avatar\/3d7032cdb3ace618708d27ff32af8a4bcdcbf4f137489590fbb5a65802bacb5f?s=64&#038;d=retro&#038;r=g 2x' class='avatar avatar-32 photo' height='32' width='32' \/><\/span>\n\t\t\t\t\t\t<span class=\"gb-author-name\"><a href=\"http:\/\/www.amateurfunkpraxis.de\" target=\"_blank\" rel=\"nofollow noopener noreferrer\"\n\t\t\t\t\t\t\ttitle=\"Besuche die Website von J\u00fcrgen Wiegand: http:\/\/www.amateurfunkpraxis.de\">J\u00fcrgen Wiegand<\/a>\n\t\t\t\t\t\t<\/span>\n\t\t\t\t\t\t<span class=\"gb-author-origin\">\n\t\t\t\t\t\t\t<span class=\"gb-author-origin-from-text\"> aus<\/span>\n\t\t\t\t\t\t\t<span class=\"gb-author-origin-text\"> Wabern<\/span>\n\t\t\t\t\t\t<\/span>\n\t\t\t\t\t\t<span class=\"gb-datetime\">\n\t\t\t\t\t\t\t<span class=\"gb-date\"><span class=\"gb-date-wrote-text\"> schrieb am<\/span><span class=\"gb-date-text\"> 04\/08\/2024<\/span>\n\t\t\t\t\t\t\t<\/span><span class=\"gb-time\">\n\t\t\t\t\t\t\t\t\t<span class=\"gb-time-at-text\"> um<\/span>\n\t\t\t\t\t\t\t\t\t<span class=\"gb-time-text\"> 07:21<\/span>\n\t\t\t\t\t\t\t\t<\/span>\n\t\t\t\t\t\t<\/span> \n\t\t\t\t\t<\/div>\n\t\t\t\t\t<div class=\"gb-entry-content\">Liebe Leserinnen und Leser, liebe Funkamateure,<br \/>\n<br \/>\ndas G\u00e4stebuch ist er\u00f6ffnet und freut sich auf viele Eintr\u00e4ge.<br \/>\n<br \/>\nvy 73 de J\u00fcrgen<br \/>\nDL6WAB\n\t\t\t\t\t<\/div>\n\t\t\t\t<\/article>\n\t\t\t<\/div>\n\t\t\t<\/div><\/div>\n\n\n\n<p><\/p>\n","protected":false},"excerpt":{"rendered":"","protected":false},"author":1,"featured_media":0,"parent":0,"menu_order":0,"comment_status":"closed","ping_status":"closed","template":"","meta":{"footnotes":""},"class_list":["post-1061","page","type-page","status-publish","hentry","entry"],"yoast_head":"<!-- This site is optimized with the Yoast SEO plugin v27.4 - https:\/\/yoast.com\/product\/yoast-seo-wordpress\/ -->\n<title>G\u00e4stebuch - AiNuK \u00a9<\/title>\n<meta name=\"robots\" content=\"index, follow, max-snippet:-1, max-image-preview:large, max-video-preview:-1\" \/>\n<link rel=\"canonical\" href=\"https:\/\/ainuk.amateurfunkpraxis.de\/?page_id=1061\" \/>\n<meta property=\"og:locale\" content=\"de_DE\" \/>\n<meta property=\"og:type\" content=\"article\" \/>\n<meta property=\"og:title\" content=\"G\u00e4stebuch - AiNuK \u00a9\" \/>\n<meta property=\"og:url\" content=\"https:\/\/ainuk.amateurfunkpraxis.de\/?page_id=1061\" \/>\n<meta property=\"og:site_name\" content=\"AiNuK \u00a9\" \/>\n<meta property=\"article:modified_time\" content=\"2024-08-03T14:45:04+00:00\" \/>\n<meta property=\"og:image\" content=\"https:\/\/ainuk.amateurfunkpraxis.de\/wp-content\/uploads\/2024\/07\/AiNuK.png\" \/>\n\t<meta property=\"og:image:width\" content=\"370\" \/>\n\t<meta property=\"og:image:height\" content=\"326\" \/>\n\t<meta property=\"og:image:type\" content=\"image\/png\" \/>\n<meta name=\"twitter:card\" content=\"summary_large_image\" \/>\n<script type=\"application\/ld+json\" class=\"yoast-schema-graph\">{\"@context\":\"https:\\\/\\\/schema.org\",\"@graph\":[{\"@type\":\"WebPage\",\"@id\":\"https:\\\/\\\/ainuk.amateurfunkpraxis.de\\\/?page_id=1061\",\"url\":\"https:\\\/\\\/ainuk.amateurfunkpraxis.de\\\/?page_id=1061\",\"name\":\"G\u00e4stebuch - AiNuK \u00a9\",\"isPartOf\":{\"@id\":\"https:\\\/\\\/ainuk.amateurfunkpraxis.de\\\/#website\"},\"datePublished\":\"2024-08-03T14:38:58+00:00\",\"dateModified\":\"2024-08-03T14:45:04+00:00\",\"breadcrumb\":{\"@id\":\"https:\\\/\\\/ainuk.amateurfunkpraxis.de\\\/?page_id=1061#breadcrumb\"},\"inLanguage\":\"de\",\"potentialAction\":[{\"@type\":\"ReadAction\",\"target\":[\"https:\\\/\\\/ainuk.amateurfunkpraxis.de\\\/?page_id=1061\"]}]},{\"@type\":\"BreadcrumbList\",\"@id\":\"https:\\\/\\\/ainuk.amateurfunkpraxis.de\\\/?page_id=1061#breadcrumb\",\"itemListElement\":[{\"@type\":\"ListItem\",\"position\":1,\"name\":\"Startseite\",\"item\":\"https:\\\/\\\/ainuk.amateurfunkpraxis.de\\\/\"},{\"@type\":\"ListItem\",\"position\":2,\"name\":\"G\u00e4stebuch\"}]},{\"@type\":\"WebSite\",\"@id\":\"https:\\\/\\\/ainuk.amateurfunkpraxis.de\\\/#website\",\"url\":\"https:\\\/\\\/ainuk.amateurfunkpraxis.de\\\/\",\"name\":\"AiNuK \u00a9\",\"description\":\"Amateurfunk in Not- und Katastrophenf\u00e4llen n.e.V.\",\"publisher\":{\"@id\":\"https:\\\/\\\/ainuk.amateurfunkpraxis.de\\\/#organization\"},\"alternateName\":\"Amateurfunk in Not- und Katastrophenf\u00e4llen AiNuK n.e.V.\",\"potentialAction\":[{\"@type\":\"SearchAction\",\"target\":{\"@type\":\"EntryPoint\",\"urlTemplate\":\"https:\\\/\\\/ainuk.amateurfunkpraxis.de\\\/?s={search_term_string}\"},\"query-input\":{\"@type\":\"PropertyValueSpecification\",\"valueRequired\":true,\"valueName\":\"search_term_string\"}}],\"inLanguage\":\"de\"},{\"@type\":\"Organization\",\"@id\":\"https:\\\/\\\/ainuk.amateurfunkpraxis.de\\\/#organization\",\"name\":\"AiNuK \u00a9 Amateurfunk in Not- und Katastrophenf\u00e4llen\",\"alternateName\":\"Amateurfunk in Not- und Katastrophenf\u00e4llen AiNuK n.e.V.\",\"url\":\"https:\\\/\\\/ainuk.amateurfunkpraxis.de\\\/\",\"logo\":{\"@type\":\"ImageObject\",\"inLanguage\":\"de\",\"@id\":\"https:\\\/\\\/ainuk.amateurfunkpraxis.de\\\/#\\\/schema\\\/logo\\\/image\\\/\",\"url\":\"https:\\\/\\\/ainuk.amateurfunkpraxis.de\\\/wp-content\\\/uploads\\\/2024\\\/07\\\/cropped-cropped-AiNuK-370x370-1.png\",\"contentUrl\":\"https:\\\/\\\/ainuk.amateurfunkpraxis.de\\\/wp-content\\\/uploads\\\/2024\\\/07\\\/cropped-cropped-AiNuK-370x370-1.png\",\"width\":512,\"height\":512,\"caption\":\"AiNuK \u00a9 Amateurfunk in Not- und Katastrophenf\u00e4llen\"},\"image\":{\"@id\":\"https:\\\/\\\/ainuk.amateurfunkpraxis.de\\\/#\\\/schema\\\/logo\\\/image\\\/\"}}]}<\/script>\n<!-- \/ Yoast SEO plugin. -->","yoast_head_json":{"title":"G\u00e4stebuch - AiNuK \u00a9","robots":{"index":"index","follow":"follow","max-snippet":"max-snippet:-1","max-image-preview":"max-image-preview:large","max-video-preview":"max-video-preview:-1"},"canonical":"https:\/\/ainuk.amateurfunkpraxis.de\/?page_id=1061","og_locale":"de_DE","og_type":"article","og_title":"G\u00e4stebuch - AiNuK \u00a9","og_url":"https:\/\/ainuk.amateurfunkpraxis.de\/?page_id=1061","og_site_name":"AiNuK \u00a9","article_modified_time":"2024-08-03T14:45:04+00:00","og_image":[{"width":370,"height":326,"url":"https:\/\/ainuk.amateurfunkpraxis.de\/wp-content\/uploads\/2024\/07\/AiNuK.png","type":"image\/png"}],"twitter_card":"summary_large_image","schema":{"@context":"https:\/\/schema.org","@graph":[{"@type":"WebPage","@id":"https:\/\/ainuk.amateurfunkpraxis.de\/?page_id=1061","url":"https:\/\/ainuk.amateurfunkpraxis.de\/?page_id=1061","name":"G\u00e4stebuch - AiNuK \u00a9","isPartOf":{"@id":"https:\/\/ainuk.amateurfunkpraxis.de\/#website"},"datePublished":"2024-08-03T14:38:58+00:00","dateModified":"2024-08-03T14:45:04+00:00","breadcrumb":{"@id":"https:\/\/ainuk.amateurfunkpraxis.de\/?page_id=1061#breadcrumb"},"inLanguage":"de","potentialAction":[{"@type":"ReadAction","target":["https:\/\/ainuk.amateurfunkpraxis.de\/?page_id=1061"]}]},{"@type":"BreadcrumbList","@id":"https:\/\/ainuk.amateurfunkpraxis.de\/?page_id=1061#breadcrumb","itemListElement":[{"@type":"ListItem","position":1,"name":"Startseite","item":"https:\/\/ainuk.amateurfunkpraxis.de\/"},{"@type":"ListItem","position":2,"name":"G\u00e4stebuch"}]},{"@type":"WebSite","@id":"https:\/\/ainuk.amateurfunkpraxis.de\/#website","url":"https:\/\/ainuk.amateurfunkpraxis.de\/","name":"AiNuK \u00a9","description":"Amateurfunk in Not- und Katastrophenf\u00e4llen n.e.V.","publisher":{"@id":"https:\/\/ainuk.amateurfunkpraxis.de\/#organization"},"alternateName":"Amateurfunk in Not- und Katastrophenf\u00e4llen AiNuK n.e.V.","potentialAction":[{"@type":"SearchAction","target":{"@type":"EntryPoint","urlTemplate":"https:\/\/ainuk.amateurfunkpraxis.de\/?s={search_term_string}"},"query-input":{"@type":"PropertyValueSpecification","valueRequired":true,"valueName":"search_term_string"}}],"inLanguage":"de"},{"@type":"Organization","@id":"https:\/\/ainuk.amateurfunkpraxis.de\/#organization","name":"AiNuK \u00a9 Amateurfunk in Not- und Katastrophenf\u00e4llen","alternateName":"Amateurfunk in Not- und Katastrophenf\u00e4llen AiNuK n.e.V.","url":"https:\/\/ainuk.amateurfunkpraxis.de\/","logo":{"@type":"ImageObject","inLanguage":"de","@id":"https:\/\/ainuk.amateurfunkpraxis.de\/#\/schema\/logo\/image\/","url":"https:\/\/ainuk.amateurfunkpraxis.de\/wp-content\/uploads\/2024\/07\/cropped-cropped-AiNuK-370x370-1.png","contentUrl":"https:\/\/ainuk.amateurfunkpraxis.de\/wp-content\/uploads\/2024\/07\/cropped-cropped-AiNuK-370x370-1.png","width":512,"height":512,"caption":"AiNuK \u00a9 Amateurfunk in Not- und Katastrophenf\u00e4llen"},"image":{"@id":"https:\/\/ainuk.amateurfunkpraxis.de\/#\/schema\/logo\/image\/"}}]}},"_links":{"self":[{"href":"https:\/\/ainuk.amateurfunkpraxis.de\/index.php?rest_route=\/wp\/v2\/pages\/1061","targetHints":{"allow":["GET"]}}],"collection":[{"href":"https:\/\/ainuk.amateurfunkpraxis.de\/index.php?rest_route=\/wp\/v2\/pages"}],"about":[{"href":"https:\/\/ainuk.amateurfunkpraxis.de\/index.php?rest_route=\/wp\/v2\/types\/page"}],"author":[{"embeddable":true,"href":"https:\/\/ainuk.amateurfunkpraxis.de\/index.php?rest_route=\/wp\/v2\/users\/1"}],"replies":[{"embeddable":true,"href":"https:\/\/ainuk.amateurfunkpraxis.de\/index.php?rest_route=%2Fwp%2Fv2%2Fcomments&post=1061"}],"version-history":[{"count":4,"href":"https:\/\/ainuk.amateurfunkpraxis.de\/index.php?rest_route=\/wp\/v2\/pages\/1061\/revisions"}],"predecessor-version":[{"id":1065,"href":"https:\/\/ainuk.amateurfunkpraxis.de\/index.php?rest_route=\/wp\/v2\/pages\/1061\/revisions\/1065"}],"wp:attachment":[{"href":"https:\/\/ainuk.amateurfunkpraxis.de\/index.php?rest_route=%2Fwp%2Fv2%2Fmedia&parent=1061"}],"curies":[{"name":"wp","href":"https:\/\/api.w.org\/{rel}","templated":true}]}}