{"id":108,"date":"2024-07-13T09:51:11","date_gmt":"2024-07-13T09:51:11","guid":{"rendered":"https:\/\/test.amateurfunkpraxis.de\/?page_id=108"},"modified":"2024-09-16T07:17:57","modified_gmt":"2024-09-16T07:17:57","slug":"impressum","status":"publish","type":"page","link":"https:\/\/ainuk.amateurfunkpraxis.de\/?page_id=108","title":{"rendered":"Impressum"},"content":{"rendered":"\n<p><\/p>\n\n\n\n<p>J\u00fcrgen Wiegand<br>AiNuK &#8211; Amateurfunk in Not- und Katastrophenf\u00e4llen n.e.V.<br>Kasseler Stra\u00dfe 30<br>34590 Wabern<\/p>\n\n\n\n<p><strong>Kontakt:<\/strong><br>Telefon: 05683-931531<br>E-Mail:&nbsp;<a href=\"mailto:ainuk@t-online.de\">ainuk@t-online.de<\/a><\/p>\n\n\n\n<p><strong>Haftungsausschluss:<\/strong><br><br><strong>Haftung f\u00fcr Inhalte<\/strong><br><br>Die Inhalte unserer Seiten wurden mit gr\u00f6\u00dfter Sorgfalt erstellt. F\u00fcr die Richtigkeit, Vollst\u00e4ndigkeit und Aktualit\u00e4t der Inhalte k\u00f6nnen wir jedoch keine Gew\u00e4hr \u00fcbernehmen. <\/p>\n\n\n\n<p>Als privater Anbieter sind wir  f\u00fcr eigene Inhalte auf diesen Seiten nach den allgemeinen Gesetzen verantwortlich. Als privater Anbieter sind wir jedoch nicht verpflichtet, \u00fcbermittelte oder gespeicherte fremde Informationen zu \u00fcberwachen oder nach Umst\u00e4nden zu forschen, die auf eine rechtswidrige T\u00e4tigkeit hinweisen. <\/p>\n\n\n\n<p>Verpflichtungen zur Entfernung oder Sperrung der Nutzung von Informationen nach den allgemeinen Gesetzen bleiben hiervon unber\u00fchrt. Eine diesbez\u00fcgliche Haftung ist jedoch erst ab dem Zeitpunkt der Kenntnis einer konkreten Rechtsverletzung m\u00f6glich. Bei Bekanntwerden von entsprechenden Rechtsverletzungen werden wir diese Inhalte umgehend entfernen.<br><br><strong>Haftung f\u00fcr Links<\/strong><br><br>Unser privates Angebot enth\u00e4lt Links zu externen Webseiten Dritter, auf deren Inhalte wir keinen Einfluss haben und die wie folgt gekennzeichnet sind &nbsp;<img loading=\"lazy\" decoding=\"async\" height=\"12\" width=\"13\" src=\"https:\/\/amateurfunkpraxis.de\/images\/externer%20link.gif\">. Deshalb k\u00f6nnen wir f\u00fcr diese fremden Inhalte auch keine Gew\u00e4hr \u00fcbernehmen. F\u00fcr die Inhalte der verlinkten Seiten ist stets der jeweilige Anbieter oder Betreiber der Seiten verantwortlich.<\/p>\n\n\n\n<p>Die verlinkten Seiten wurden zum Zeitpunkt der Verlinkung auf m\u00f6gliche Rechtsverst\u00f6\u00dfe \u00fcberpr\u00fcft. Rechtswidrige Inhalte waren zum Zeitpunkt der Verlinkung nicht erkennbar. Eine permanente inhaltliche Kontrolle der verlinkten Seiten ist jedoch ohne konkrete Anhaltspunkte einer Rechtsverletzung nicht zumutbar. Bei Bekanntwerden von Rechtsverletzungen werden wir derartige Links umgehend entfernen.<br><br><strong>Urheberrecht<\/strong><br><br>Die durch die Seitenbetreiber erstellten Inhalte und Werke auf diesen Seiten unterliegen dem deutschen Urheberrecht. Die Vervielf\u00e4ltigung, Bearbeitung, Verbreitung und jede Art der Verwertung au\u00dferhalb der Grenzen des Urheberrechtes bed\u00fcrfen der schriftlichen Zustimmung des jeweiligen Autors bzw. Erstellers. <\/p>\n\n\n\n<p>Downloads und Kopien dieser Seite sind nur f\u00fcr den privaten, nicht kommerziellen Gebrauch gestattet. Soweit die Inhalte auf dieser Seite nicht vom Betreiber erstellt wurden, werden die Urheberrechte Dritter beachtet. Insbesondere werden Inhalte Dritter als solche gekennzeichnet. <\/p>\n\n\n\n<p>Sollten Sie trotzdem auf eine Urheberrechtsverletzung aufmerksam werden, bitten wir um einen entsprechenden Hinweis. Bei Bekanntwerden von Rechtsverletzungen werden wir derartige Inhalte umgehend entfernen.<br><br><strong>Datenschutz<\/strong><br><br><a href=\"https:\/\/ainuk.amateurfunkpraxis.de\/?page_id=3\">Datenschutzerkl\u00e4rung<\/a><br><br><br><br><br><\/p>\n\n\n\n<p><\/p>\n","protected":false},"excerpt":{"rendered":"<p>J\u00fcrgen WiegandAiNuK &#8211; Amateurfunk in Not- und Katastrophenf\u00e4llen n.e.V.Kasseler Stra\u00dfe 3034590 Wabern Kontakt:Telefon: 05683-931531E-Mail:&nbsp;ainuk@t-online.de Haftungsausschluss: Haftung f\u00fcr Inhalte Die Inhalte unserer Seiten wurden mit gr\u00f6\u00dfter Sorgfalt erstellt. F\u00fcr die Richtigkeit,&#8230;<\/p>\n","protected":false},"author":1,"featured_media":0,"parent":0,"menu_order":0,"comment_status":"closed","ping_status":"closed","template":"","meta":{"footnotes":""},"class_list":["post-108","page","type-page","status-publish","hentry","entry"],"yoast_head":"<!-- This site is optimized with the Yoast SEO plugin v27.4 - https:\/\/yoast.com\/product\/yoast-seo-wordpress\/ -->\n<title>Impressum - AiNuK \u00a9<\/title>\n<meta name=\"robots\" content=\"index, follow, max-snippet:-1, max-image-preview:large, max-video-preview:-1\" \/>\n<link rel=\"canonical\" href=\"https:\/\/ainuk.amateurfunkpraxis.de\/?page_id=108\" \/>\n<meta property=\"og:locale\" content=\"de_DE\" \/>\n<meta property=\"og:type\" content=\"article\" \/>\n<meta property=\"og:title\" content=\"Impressum - AiNuK \u00a9\" \/>\n<meta property=\"og:description\" content=\"J\u00fcrgen WiegandAiNuK &#8211; Amateurfunk in Not- und Katastrophenf\u00e4llen n.e.V.Kasseler Stra\u00dfe 3034590 Wabern Kontakt:Telefon: 05683-931531E-Mail:&nbsp;ainuk@t-online.de Haftungsausschluss: Haftung f\u00fcr Inhalte Die Inhalte unserer Seiten wurden mit gr\u00f6\u00dfter Sorgfalt erstellt. F\u00fcr die Richtigkeit,&#8230;\" \/>\n<meta property=\"og:url\" content=\"https:\/\/ainuk.amateurfunkpraxis.de\/?page_id=108\" \/>\n<meta property=\"og:site_name\" content=\"AiNuK \u00a9\" \/>\n<meta property=\"article:modified_time\" content=\"2024-09-16T07:17:57+00:00\" \/>\n<meta property=\"og:image\" content=\"https:\/\/amateurfunkpraxis.de\/images\/externer%20link.gif\" \/>\n<meta name=\"twitter:card\" content=\"summary_large_image\" \/>\n<meta name=\"twitter:label1\" content=\"Gesch\u00e4tzte Lesezeit\" \/>\n\t<meta name=\"twitter:data1\" content=\"3\u00a0Minuten\" \/>\n<script type=\"application\/ld+json\" class=\"yoast-schema-graph\">{\"@context\":\"https:\\\/\\\/schema.org\",\"@graph\":[{\"@type\":\"WebPage\",\"@id\":\"https:\\\/\\\/ainuk.amateurfunkpraxis.de\\\/?page_id=108\",\"url\":\"https:\\\/\\\/ainuk.amateurfunkpraxis.de\\\/?page_id=108\",\"name\":\"Impressum - AiNuK \u00a9\",\"isPartOf\":{\"@id\":\"https:\\\/\\\/ainuk.amateurfunkpraxis.de\\\/#website\"},\"primaryImageOfPage\":{\"@id\":\"https:\\\/\\\/ainuk.amateurfunkpraxis.de\\\/?page_id=108#primaryimage\"},\"image\":{\"@id\":\"https:\\\/\\\/ainuk.amateurfunkpraxis.de\\\/?page_id=108#primaryimage\"},\"thumbnailUrl\":\"https:\\\/\\\/amateurfunkpraxis.de\\\/images\\\/externer%20link.gif\",\"datePublished\":\"2024-07-13T09:51:11+00:00\",\"dateModified\":\"2024-09-16T07:17:57+00:00\",\"breadcrumb\":{\"@id\":\"https:\\\/\\\/ainuk.amateurfunkpraxis.de\\\/?page_id=108#breadcrumb\"},\"inLanguage\":\"de\",\"potentialAction\":[{\"@type\":\"ReadAction\",\"target\":[\"https:\\\/\\\/ainuk.amateurfunkpraxis.de\\\/?page_id=108\"]}]},{\"@type\":\"ImageObject\",\"inLanguage\":\"de\",\"@id\":\"https:\\\/\\\/ainuk.amateurfunkpraxis.de\\\/?page_id=108#primaryimage\",\"url\":\"https:\\\/\\\/amateurfunkpraxis.de\\\/images\\\/externer%20link.gif\",\"contentUrl\":\"https:\\\/\\\/amateurfunkpraxis.de\\\/images\\\/externer%20link.gif\"},{\"@type\":\"BreadcrumbList\",\"@id\":\"https:\\\/\\\/ainuk.amateurfunkpraxis.de\\\/?page_id=108#breadcrumb\",\"itemListElement\":[{\"@type\":\"ListItem\",\"position\":1,\"name\":\"Startseite\",\"item\":\"https:\\\/\\\/ainuk.amateurfunkpraxis.de\\\/\"},{\"@type\":\"ListItem\",\"position\":2,\"name\":\"Impressum\"}]},{\"@type\":\"WebSite\",\"@id\":\"https:\\\/\\\/ainuk.amateurfunkpraxis.de\\\/#website\",\"url\":\"https:\\\/\\\/ainuk.amateurfunkpraxis.de\\\/\",\"name\":\"AiNuK \u00a9\",\"description\":\"Amateurfunk in Not- und Katastrophenf\u00e4llen n.e.V.\",\"publisher\":{\"@id\":\"https:\\\/\\\/ainuk.amateurfunkpraxis.de\\\/#organization\"},\"alternateName\":\"Amateurfunk in Not- und Katastrophenf\u00e4llen AiNuK n.e.V.\",\"potentialAction\":[{\"@type\":\"SearchAction\",\"target\":{\"@type\":\"EntryPoint\",\"urlTemplate\":\"https:\\\/\\\/ainuk.amateurfunkpraxis.de\\\/?s={search_term_string}\"},\"query-input\":{\"@type\":\"PropertyValueSpecification\",\"valueRequired\":true,\"valueName\":\"search_term_string\"}}],\"inLanguage\":\"de\"},{\"@type\":\"Organization\",\"@id\":\"https:\\\/\\\/ainuk.amateurfunkpraxis.de\\\/#organization\",\"name\":\"AiNuK \u00a9 Amateurfunk in Not- und Katastrophenf\u00e4llen\",\"alternateName\":\"Amateurfunk in Not- und Katastrophenf\u00e4llen AiNuK n.e.V.\",\"url\":\"https:\\\/\\\/ainuk.amateurfunkpraxis.de\\\/\",\"logo\":{\"@type\":\"ImageObject\",\"inLanguage\":\"de\",\"@id\":\"https:\\\/\\\/ainuk.amateurfunkpraxis.de\\\/#\\\/schema\\\/logo\\\/image\\\/\",\"url\":\"https:\\\/\\\/ainuk.amateurfunkpraxis.de\\\/wp-content\\\/uploads\\\/2024\\\/07\\\/cropped-cropped-AiNuK-370x370-1.png\",\"contentUrl\":\"https:\\\/\\\/ainuk.amateurfunkpraxis.de\\\/wp-content\\\/uploads\\\/2024\\\/07\\\/cropped-cropped-AiNuK-370x370-1.png\",\"width\":512,\"height\":512,\"caption\":\"AiNuK \u00a9 Amateurfunk in Not- und Katastrophenf\u00e4llen\"},\"image\":{\"@id\":\"https:\\\/\\\/ainuk.amateurfunkpraxis.de\\\/#\\\/schema\\\/logo\\\/image\\\/\"}}]}<\/script>\n<!-- \/ Yoast SEO plugin. -->","yoast_head_json":{"title":"Impressum - AiNuK \u00a9","robots":{"index":"index","follow":"follow","max-snippet":"max-snippet:-1","max-image-preview":"max-image-preview:large","max-video-preview":"max-video-preview:-1"},"canonical":"https:\/\/ainuk.amateurfunkpraxis.de\/?page_id=108","og_locale":"de_DE","og_type":"article","og_title":"Impressum - AiNuK \u00a9","og_description":"J\u00fcrgen WiegandAiNuK &#8211; Amateurfunk in Not- und Katastrophenf\u00e4llen n.e.V.Kasseler Stra\u00dfe 3034590 Wabern Kontakt:Telefon: 05683-931531E-Mail:&nbsp;ainuk@t-online.de Haftungsausschluss: Haftung f\u00fcr Inhalte Die Inhalte unserer Seiten wurden mit gr\u00f6\u00dfter Sorgfalt erstellt. F\u00fcr die Richtigkeit,&#8230;","og_url":"https:\/\/ainuk.amateurfunkpraxis.de\/?page_id=108","og_site_name":"AiNuK \u00a9","article_modified_time":"2024-09-16T07:17:57+00:00","og_image":[{"url":"https:\/\/amateurfunkpraxis.de\/images\/externer%20link.gif","type":"","width":"","height":""}],"twitter_card":"summary_large_image","twitter_misc":{"Gesch\u00e4tzte Lesezeit":"3\u00a0Minuten"},"schema":{"@context":"https:\/\/schema.org","@graph":[{"@type":"WebPage","@id":"https:\/\/ainuk.amateurfunkpraxis.de\/?page_id=108","url":"https:\/\/ainuk.amateurfunkpraxis.de\/?page_id=108","name":"Impressum - AiNuK \u00a9","isPartOf":{"@id":"https:\/\/ainuk.amateurfunkpraxis.de\/#website"},"primaryImageOfPage":{"@id":"https:\/\/ainuk.amateurfunkpraxis.de\/?page_id=108#primaryimage"},"image":{"@id":"https:\/\/ainuk.amateurfunkpraxis.de\/?page_id=108#primaryimage"},"thumbnailUrl":"https:\/\/amateurfunkpraxis.de\/images\/externer%20link.gif","datePublished":"2024-07-13T09:51:11+00:00","dateModified":"2024-09-16T07:17:57+00:00","breadcrumb":{"@id":"https:\/\/ainuk.amateurfunkpraxis.de\/?page_id=108#breadcrumb"},"inLanguage":"de","potentialAction":[{"@type":"ReadAction","target":["https:\/\/ainuk.amateurfunkpraxis.de\/?page_id=108"]}]},{"@type":"ImageObject","inLanguage":"de","@id":"https:\/\/ainuk.amateurfunkpraxis.de\/?page_id=108#primaryimage","url":"https:\/\/amateurfunkpraxis.de\/images\/externer%20link.gif","contentUrl":"https:\/\/amateurfunkpraxis.de\/images\/externer%20link.gif"},{"@type":"BreadcrumbList","@id":"https:\/\/ainuk.amateurfunkpraxis.de\/?page_id=108#breadcrumb","itemListElement":[{"@type":"ListItem","position":1,"name":"Startseite","item":"https:\/\/ainuk.amateurfunkpraxis.de\/"},{"@type":"ListItem","position":2,"name":"Impressum"}]},{"@type":"WebSite","@id":"https:\/\/ainuk.amateurfunkpraxis.de\/#website","url":"https:\/\/ainuk.amateurfunkpraxis.de\/","name":"AiNuK \u00a9","description":"Amateurfunk in Not- und Katastrophenf\u00e4llen n.e.V.","publisher":{"@id":"https:\/\/ainuk.amateurfunkpraxis.de\/#organization"},"alternateName":"Amateurfunk in Not- und Katastrophenf\u00e4llen AiNuK n.e.V.","potentialAction":[{"@type":"SearchAction","target":{"@type":"EntryPoint","urlTemplate":"https:\/\/ainuk.amateurfunkpraxis.de\/?s={search_term_string}"},"query-input":{"@type":"PropertyValueSpecification","valueRequired":true,"valueName":"search_term_string"}}],"inLanguage":"de"},{"@type":"Organization","@id":"https:\/\/ainuk.amateurfunkpraxis.de\/#organization","name":"AiNuK \u00a9 Amateurfunk in Not- und Katastrophenf\u00e4llen","alternateName":"Amateurfunk in Not- und Katastrophenf\u00e4llen AiNuK n.e.V.","url":"https:\/\/ainuk.amateurfunkpraxis.de\/","logo":{"@type":"ImageObject","inLanguage":"de","@id":"https:\/\/ainuk.amateurfunkpraxis.de\/#\/schema\/logo\/image\/","url":"https:\/\/ainuk.amateurfunkpraxis.de\/wp-content\/uploads\/2024\/07\/cropped-cropped-AiNuK-370x370-1.png","contentUrl":"https:\/\/ainuk.amateurfunkpraxis.de\/wp-content\/uploads\/2024\/07\/cropped-cropped-AiNuK-370x370-1.png","width":512,"height":512,"caption":"AiNuK \u00a9 Amateurfunk in Not- und Katastrophenf\u00e4llen"},"image":{"@id":"https:\/\/ainuk.amateurfunkpraxis.de\/#\/schema\/logo\/image\/"}}]}},"_links":{"self":[{"href":"https:\/\/ainuk.amateurfunkpraxis.de\/index.php?rest_route=\/wp\/v2\/pages\/108","targetHints":{"allow":["GET"]}}],"collection":[{"href":"https:\/\/ainuk.amateurfunkpraxis.de\/index.php?rest_route=\/wp\/v2\/pages"}],"about":[{"href":"https:\/\/ainuk.amateurfunkpraxis.de\/index.php?rest_route=\/wp\/v2\/types\/page"}],"author":[{"embeddable":true,"href":"https:\/\/ainuk.amateurfunkpraxis.de\/index.php?rest_route=\/wp\/v2\/users\/1"}],"replies":[{"embeddable":true,"href":"https:\/\/ainuk.amateurfunkpraxis.de\/index.php?rest_route=%2Fwp%2Fv2%2Fcomments&post=108"}],"version-history":[{"count":12,"href":"https:\/\/ainuk.amateurfunkpraxis.de\/index.php?rest_route=\/wp\/v2\/pages\/108\/revisions"}],"predecessor-version":[{"id":1478,"href":"https:\/\/ainuk.amateurfunkpraxis.de\/index.php?rest_route=\/wp\/v2\/pages\/108\/revisions\/1478"}],"wp:attachment":[{"href":"https:\/\/ainuk.amateurfunkpraxis.de\/index.php?rest_route=%2Fwp%2Fv2%2Fmedia&parent=108"}],"curies":[{"name":"wp","href":"https:\/\/api.w.org\/{rel}","templated":true}]}}